{"id":928,"date":"2023-12-27T08:35:19","date_gmt":"2023-12-27T08:35:19","guid":{"rendered":"https:\/\/wordpress-1260149-4586912.cloudwaysapps.com\/?page_id=928"},"modified":"2024-12-23T21:31:24","modified_gmt":"2024-12-23T21:31:24","slug":"raising-hope","status":"publish","type":"page","link":"https:\/\/devnairuzcombr.com\/clark\/raising-hope\/","title":{"rendered":"Raising Hope"},"content":{"rendered":"<p><div class=\"fusion-fullwidth fullwidth-box fusion-builder-row-1 fusion-flex-container has-pattern-background has-mask-background fusion-parallax-none image-banner nonhundred-percent-fullwidth non-hundred-percent-height-scrolling\" style=\"--awb-background-blend-mode:overlay;--awb-border-radius-top-left:0px;--awb-border-radius-top-right:0px;--awb-border-radius-bottom-right:0px;--awb-border-radius-bottom-left:0px;--awb-padding-top:80px;--awb-margin-top-small:0px;--awb-min-height:370px;--awb-min-height-small:250px;--awb-background-color:rgba(0,0,0,0.6);--awb-background-image:url(&quot;https:\/\/devnairuzcombr.com\/clark\/wp-content\/uploads\/2024\/03\/Wear_Red_20231.jpg&quot;);--awb-background-size:cover;--awb-background-size-small:cover;--awb-flex-wrap:wrap;\" ><div class=\"fusion-builder-row fusion-row fusion-flex-align-items-center fusion-flex-content-wrap\" style=\"max-width:calc( 1460px + 20px );margin-left: calc(-20px \/ 2 );margin-right: calc(-20px \/ 2 );\"><div class=\"fusion-layout-column fusion_builder_column fusion-builder-column-0 fusion_builder_column_1_1 1_1 fusion-flex-column\" style=\"--awb-bg-size:cover;--awb-width-large:100%;--awb-margin-top-large:0px;--awb-spacing-right-large:10px;--awb-margin-bottom-large:20px;--awb-spacing-left-large:10px;--awb-width-medium:100%;--awb-order-medium:0;--awb-spacing-right-medium:10px;--awb-spacing-left-medium:10px;--awb-width-small:100%;--awb-order-small:0;--awb-spacing-right-small:10px;--awb-spacing-left-small:10px;\"><div class=\"fusion-column-wrapper fusion-column-has-shadow fusion-flex-justify-content-flex-start fusion-content-layout-column\"><div class=\"fusion-builder-row fusion-builder-row-inner fusion-row fusion-flex-align-items-center fusion-flex-content-wrap\" style=\"width:calc( 100% + 20px ) !important;max-width:calc( 100% + 20px ) !important;margin-left: calc(-20px \/ 2 );margin-right: calc(-20px \/ 2 );\"><div class=\"fusion-layout-column fusion_builder_column_inner fusion-builder-nested-column-0 fusion_builder_column_inner_1_2 1_2 fusion-flex-column\" style=\"--awb-padding-right:100px;--awb-bg-size:cover;--awb-width-large:50%;--awb-margin-top-large:0px;--awb-spacing-right-large:10px;--awb-margin-bottom-large:20px;--awb-spacing-left-large:10px;--awb-width-medium:100%;--awb-order-medium:0;--awb-spacing-right-medium:10px;--awb-spacing-left-medium:10px;--awb-width-small:100%;--awb-order-small:0;--awb-spacing-right-small:10px;--awb-spacing-left-small:10px;\" data-scroll-devices=\"small-visibility,medium-visibility,large-visibility\"><div class=\"fusion-column-wrapper fusion-column-has-shadow fusion-flex-justify-content-flex-start fusion-content-layout-column\"><div class=\"fusion-title title fusion-title-1 fusion-sep-none fusion-title-text fusion-title-size-one title-lines\" style=\"--awb-text-color:var(--awb-color1);\"><h1 class=\"fusion-title-heading title-heading-left\" style=\"margin:0;text-transform:uppercase;\"><span class=\"TextRun BCX0 SCXP267479627\" lang=\"PT-BR\" xml:lang=\"PT-BR\" data-usefontface=\"false\" data-contrast=\"none\"><span class=\"NormalTextRun BCX0 SCXP267479627\">Fundaci\u00f3n Baik<\/span><\/span><\/h1><\/div><div class=\"fusion-text fusion-text-1 fusion-text-no-margin small-width-text\" style=\"--awb-text-color:var(--awb-color1);--awb-margin-top:05px;--awb-margin-bottom:35px;\"><p>La Fundaci\u00f3n Baik se estableci\u00f3 en Costa Rica en 1994, con el prop\u00f3sito de trabajar filantr\u00f3picamente para las personas desfavorecidas en los pa\u00edses centroamericanos y contin\u00faa apoy\u00e1ndolos.<\/p>\n<\/div><\/div><\/div><\/div><\/div><\/div><\/div><\/div><div class=\"fusion-fullwidth fullwidth-box fusion-builder-row-2 fusion-flex-container has-pattern-background has-mask-background fusion-parallax-none inner-custom-width awards-achievement nonhundred-percent-fullwidth non-hundred-percent-height-scrolling\" style=\"--awb-background-position:left top;--awb-border-radius-top-left:0px;--awb-border-radius-top-right:0px;--awb-border-radius-bottom-right:0px;--awb-border-radius-bottom-left:0px;--awb-padding-top:40px;--awb-margin-top:80px;--awb-margin-top-small:30px;--awb-background-image:url(&quot;https:\/\/devnairuzcombr.com\/clark\/wp-content\/uploads\/2023\/12\/curve.svg&quot;);--awb-background-size:100%;--awb-flex-wrap:wrap;\" ><div class=\"fusion-builder-row fusion-row fusion-flex-align-items-flex-start fusion-flex-content-wrap\" style=\"max-width:calc( 1460px + 20px );margin-left: calc(-20px \/ 2 );margin-right: calc(-20px \/ 2 );\"><div class=\"fusion-layout-column fusion_builder_column fusion-builder-column-1 fusion_builder_column_1_1 1_1 fusion-flex-column\" style=\"--awb-bg-size:cover;--awb-width-large:100%;--awb-margin-top-large:0px;--awb-spacing-right-large:10px;--awb-margin-bottom-large:20px;--awb-spacing-left-large:10px;--awb-width-medium:100%;--awb-order-medium:0;--awb-spacing-right-medium:10px;--awb-spacing-left-medium:10px;--awb-width-small:100%;--awb-order-small:0;--awb-spacing-right-small:10px;--awb-spacing-left-small:10px;\"><div class=\"fusion-column-wrapper fusion-column-has-shadow fusion-flex-justify-content-flex-start fusion-content-layout-column\"><div class=\"fusion-builder-row fusion-builder-row-inner fusion-row fusion-flex-align-items-flex-start fusion-flex-content-wrap\" style=\"width:calc( 100% + 20px ) !important;max-width:calc( 100% + 20px ) !important;margin-left: calc(-20px \/ 2 );margin-right: calc(-20px \/ 2 );\"><div class=\"fusion-layout-column fusion_builder_column_inner fusion-builder-nested-column-1 fusion_builder_column_inner_3_5 3_5 fusion-flex-column\" style=\"--awb-padding-right:100px;--awb-padding-right-small:0px;--awb-bg-size:cover;--awb-width-large:60%;--awb-margin-top-large:0px;--awb-spacing-right-large:10px;--awb-margin-bottom-large:30px;--awb-spacing-left-large:10px;--awb-width-medium:100%;--awb-order-medium:0;--awb-spacing-right-medium:10px;--awb-spacing-left-medium:10px;--awb-width-small:100%;--awb-order-small:0;--awb-spacing-right-small:10px;--awb-spacing-left-small:10px;\" data-scroll-devices=\"small-visibility,medium-visibility,large-visibility\"><div class=\"fusion-column-wrapper fusion-column-has-shadow fusion-flex-justify-content-flex-start fusion-content-layout-column\"><div class=\"fusion-title title fusion-title-2 fusion-sep-none fusion-title-text fusion-title-size-two title-lines\"><h2 class=\"fusion-title-heading title-heading-left\" style=\"margin:0;text-transform:uppercase;\"><span class=\"TextRun  BCX0 SCXP249333162\" lang=\"PT-BR\" xml:lang=\"PT-BR\" data-usefontface=\"false\" data-contrast=\"none\"><span class=\"NormalTextRun  BCX0 SCXP249333162\">Fundaci\u00f3n Baik <\/span><\/span><\/h2><\/div><div class=\"fusion-text fusion-text-2\"><p>La Fundaci\u00f3n Baik se estableci\u00f3 en Costa Rica en 1994, con el prop\u00f3sito de trabajar filantr\u00f3picamente para las personas desfavorecidas en los pa\u00edses centroamericanos y contin\u00faa apoy\u00e1ndolos.<\/p>\n<p>Esta Villa, que es el primer orfanato establecido por extranjeros, se estableci\u00f3 en Cartago, Costa Rica, para ayudar a los hu\u00e9rfanos causados en su mayor\u00eda por madres solteras. El pueblo tiene 32 ni\u00f1os, y la fundaci\u00f3n cat\u00f3lica en Costa Rica y cinco hermanas cat\u00f3licas operan el orfanato<\/p>\n<p><b>Aldea de Baekhak <\/b><\/p>\n<p>1) Aldea Baekhak coreana (1986)<\/p>\n<p>2) Aldea Baekhak de China (1993)<\/p>\n<p>3) Aldea Baekhak de Sri Lanka (1993)<\/p>\n<p>4) Aldea Baekhak de Costa Rica (1994)<\/p>\n<p>5) Aldea Baekhak de Vietnam (2004)<\/p>\n<p>6) Aldea Baekhak de Etiop\u00eda (2010)<\/p>\n<p><span style=\"color: var(--awb-text-color); font-family: var(--awb-text-font-family); font-size: var(--awb-font-size); font-style: var(--awb-text-font-style); font-weight: var(--awb-text-font-weight); letter-spacing: var(--awb-letter-spacing); text-align: var(--awb-content-alignment); text-transform: var(--awb-text-transform); background-color: var(--awb-bg-color-hover);\">7) Aldea Baekhak de Honduras (2018)<\/span>\u200b<\/p>\n<\/div><\/div><\/div><div class=\"fusion-layout-column fusion_builder_column_inner fusion-builder-nested-column-2 fusion_builder_column_inner_2_5 2_5 fusion-flex-column img-color-box single-image\" style=\"--awb-bg-size:cover;--awb-width-large:40%;--awb-margin-top-large:-50px;--awb-spacing-right-large:10px;--awb-margin-bottom-large:20px;--awb-spacing-left-large:10px;--awb-width-medium:100%;--awb-order-medium:0;--awb-margin-top-medium:0;--awb-spacing-right-medium:10px;--awb-spacing-left-medium:10px;--awb-width-small:100%;--awb-order-small:0;--awb-spacing-right-small:10px;--awb-spacing-left-small:10px;\"><div class=\"fusion-column-wrapper fusion-column-has-shadow fusion-flex-justify-content-center fusion-content-layout-row\"><div class=\"fusion-image-element md-text-align-center\" style=\"--awb-margin-top:-40px;--awb-margin-top-medium:0px;--awb-margin-top-small:30px;--awb-caption-title-font-family:var(--h2_typography-font-family);--awb-caption-title-font-weight:var(--h2_typography-font-weight);--awb-caption-title-font-style:var(--h2_typography-font-style);--awb-caption-title-size:var(--h2_typography-font-size);--awb-caption-title-transform:var(--h2_typography-text-transform);--awb-caption-title-line-height:var(--h2_typography-line-height);--awb-caption-title-letter-spacing:var(--h2_typography-letter-spacing);\"><span class=\" fusion-imageframe imageframe-none imageframe-1 hover-type-none\"><img decoding=\"async\" width=\"1033\" height=\"719\" title=\"destaque-baik\" src=\"https:\/\/devnairuzcombr.com\/clark\/wp-content\/uploads\/2024\/12\/destaque-baik.png\" alt class=\"img-responsive wp-image-20740\" srcset=\"https:\/\/devnairuzcombr.com\/clark\/wp-content\/uploads\/2024\/12\/destaque-baik-200x139.png 200w, https:\/\/devnairuzcombr.com\/clark\/wp-content\/uploads\/2024\/12\/destaque-baik-400x278.png 400w, https:\/\/devnairuzcombr.com\/clark\/wp-content\/uploads\/2024\/12\/destaque-baik-600x418.png 600w, https:\/\/devnairuzcombr.com\/clark\/wp-content\/uploads\/2024\/12\/destaque-baik-800x557.png 800w, https:\/\/devnairuzcombr.com\/clark\/wp-content\/uploads\/2024\/12\/destaque-baik.png 1033w\" sizes=\"(max-width: 767px) 100vw, 600px\" \/><\/span><\/div><\/div><\/div><\/div><\/div><\/div><div class=\"fusion-layout-column fusion_builder_column fusion-builder-column-2 fusion_builder_column_1_1 1_1 fusion-flex-column fusion-hidden\" style=\"--awb-bg-size:cover;--awb-width-large:100%;--awb-margin-top-large:30px;--awb-spacing-right-large:10px;--awb-margin-bottom-large:0px;--awb-spacing-left-large:10px;--awb-width-medium:100%;--awb-order-medium:0;--awb-spacing-right-medium:10px;--awb-spacing-left-medium:10px;--awb-width-small:100%;--awb-order-small:0;--awb-spacing-right-small:10px;--awb-spacing-left-small:10px;\" data-scroll-devices=\"small-visibility,medium-visibility,large-visibility\"><div class=\"fusion-column-wrapper fusion-column-has-shadow fusion-flex-justify-content-flex-start fusion-content-layout-column\"><div class=\"fusion-content-boxes content-boxes columns row fusion-columns-3 fusion-columns-total-3 fusion-content-boxes-1 content-boxes-clean-horizontal content-left content-boxes-icon-on-side media-flip-box raising-flip-box\" style=\"--awb-backgroundcolor:#ededed;--awb-margin-bottom:0px;--awb-hover-accent-color:var(--awb-color4);--awb-circle-hover-accent-color:var(--awb-color4);\" data-animationOffset=\"top-into-view\"><div style=\"--awb-backgroundcolor:#ededed;border-color:rgba(255,255,255,0);\" class=\"fusion-column content-box-column content-box-column content-box-column-1 col-lg-4 col-md-4 col-sm-4 fusion-content-box-hover content-box-column-first-in-row\"><div class=\"col content-box-wrapper content-wrapper-background link-area-link-icon content-icon-wrapper-yes icon-hover-animation-fade\" data-animationOffset=\"top-into-view\"><div class=\"heading icon-left\"><h3 class=\"content-box-heading\" style=\"--h3_typography-font-size:24px;line-height:29px;\">Doa\u00e7\u00f5es Diretas 2024 <\/h3><\/div><div class=\"fusion-clearfix\"><\/div><div class=\"content-container\">Por meio de doa\u00e7\u00f5es e a\u00e7\u00f5es internas de arrecada\u00e7\u00e3o de fundos, realizadas pelos colaboradores da CLARK e complementadas por contribui\u00e7\u00f5es da empresa, conseguimos realizar duas a\u00e7\u00f5es diretas:\u200b<\/p>\n<ul>\n<li>Um casal de idosos (catadores de materiais recicl\u00e1veis) que vivem em situa\u00e7\u00e3o de extrema pobreza e que sofreu uma grande perda ap\u00f3s um inc\u00eandio em sua moradia. Com a doa\u00e7\u00e3o de alimentos, itens b\u00e1sicos de higiene, apoio financeiro e materiais necess\u00e1rios para a atividade de reciclagem, conseguimos proporcionar um al\u00edvio em suas vidas, ajudando-os a enfrentar o momento cr\u00edtico que estavam passando.\u200b<\/li>\n<li>Al\u00e9m dessa a\u00e7\u00e3o, promovemos tamb\u00e9m a doa\u00e7\u00e3o de um refrigerador para uma m\u00e3e solo com tr\u00eas filhos, que tamb\u00e9m vive em situa\u00e7\u00e3o de pobreza e n\u00e3o possu\u00eda este eletrodom\u00e9stico essencial para armazenar alimentos para a fam\u00edlia. Essa doa\u00e7\u00e3o trouxe um alento em um momento desafiador para ela.\u200b<\/li>\n<\/ul>\n<\/div><\/div><\/div><div style=\"--awb-backgroundcolor:#ededed;border-color:rgba(255,255,255,0);\" class=\"fusion-column content-box-column content-box-column content-box-column-2 col-lg-4 col-md-4 col-sm-4 fusion-content-box-hover \"><div class=\"col content-box-wrapper content-wrapper-background link-area-link-icon content-icon-wrapper-yes icon-hover-animation-fade\" data-animationOffset=\"top-into-view\"><div class=\"heading icon-left\"><h3 class=\"content-box-heading\" style=\"--h3_typography-font-size:24px;line-height:29px;\">Campanha do Agasalho 2024 <\/h3><\/div><div class=\"fusion-clearfix\"><\/div><div class=\"content-container\">\n<ul>\n<li>Neste ano, promovemos uma grande mobiliza\u00e7\u00e3o para a arrecada\u00e7\u00e3o de roupas, agasalhos, cobertores, cal\u00e7ados e outros itens de vestu\u00e1rio. Conseguimos uma doa\u00e7\u00e3o expressiva, que foi destinada aos habitantes do estado do Rio Grande do Sul, afetados por uma situa\u00e7\u00e3o de calamidade p\u00fablica devido \u00e0s chuvas e enchentes na regi\u00e3o. Com o apoio de um dos nossos distribuidores CLARK, conseguimos entregar as doa\u00e7\u00f5es em um momento cr\u00edtico para a regi\u00e3o.<\/li>\n<\/ul>\n<\/div><\/div><\/div><div style=\"--awb-backgroundcolor:#ededed;border-color:rgba(255,255,255,0);\" class=\"fusion-column content-box-column content-box-column content-box-column-3 col-lg-4 col-md-4 col-sm-4 fusion-content-box-hover content-box-column-last content-box-column-last-in-row\"><div class=\"col content-box-wrapper content-wrapper-background link-area-link-icon content-icon-wrapper-yes icon-hover-animation-fade\" data-animationOffset=\"top-into-view\"><div class=\"heading icon-left\"><h3 class=\"content-box-heading\" style=\"--h3_typography-font-size:24px;line-height:29px;\">P\u00e1scoa Solid\u00e1ria 2024 <\/h3><\/div><div class=\"fusion-clearfix\"><\/div><div class=\"content-container\">\n<ul>\n<li>Neste ano, realizamos uma a\u00e7\u00e3o junto a uma entidade social da regi\u00e3o, na qual, por meio de doa\u00e7\u00f5es feitas pelos pr\u00f3prios colaboradores da CLARK, conseguimos proporcionar a entrega de ovos de P\u00e1scoa para cerca de 50 crian\u00e7as. A entrega foi realizada por volunt\u00e1rios do Programa Empilhando Sonhos, em uma ocasi\u00e3o especial em que pudemos vivenciar e compartilhar a alegria das crian\u00e7as, tornando o momento muito gratificante.\u200b\u200b<\/li>\n<\/ul>\n<\/div><\/div><\/div><div class=\"fusion-clearfix\"><\/div><\/div><\/div><\/div><\/div><\/div><\/p>\n","protected":false},"excerpt":{"rendered":"","protected":false},"author":10,"featured_media":0,"parent":0,"menu_order":0,"comment_status":"closed","ping_status":"closed","template":"100-width.php","meta":{"_acf_changed":false,"footnotes":""},"class_list":["post-928","page","type-page","status-publish","hentry"],"acf":[],"yoast_head":"<!-- This site is optimized with the Yoast SEO plugin v27.2 - https:\/\/yoast.com\/product\/yoast-seo-wordpress\/ -->\n<title>Raising Hope - CLARK Material Handling Company<\/title>\n<meta name=\"robots\" content=\"noindex, follow, max-snippet:-1, max-image-preview:large, max-video-preview:-1\" \/>\n<meta property=\"og:locale\" content=\"en_US\" \/>\n<meta property=\"og:type\" content=\"article\" \/>\n<meta property=\"og:title\" content=\"Raising Hope - CLARK Material Handling Company\" \/>\n<meta property=\"og:url\" content=\"https:\/\/devnairuzcombr.com\/clark\/raising-hope\/\" \/>\n<meta property=\"og:site_name\" content=\"CLARK Material Handling Company\" \/>\n<meta property=\"article:modified_time\" content=\"2024-12-23T21:31:24+00:00\" \/>\n<meta name=\"twitter:card\" content=\"summary_large_image\" \/>\n<meta name=\"twitter:label1\" content=\"Est. reading time\" \/>\n\t<meta name=\"twitter:data1\" content=\"16 minutes\" \/>\n<script type=\"application\/ld+json\" class=\"yoast-schema-graph\">{\"@context\":\"https:\/\/schema.org\",\"@graph\":[{\"@type\":\"WebPage\",\"@id\":\"https:\/\/devnairuzcombr.com\/clark\/raising-hope\/\",\"url\":\"https:\/\/devnairuzcombr.com\/clark\/raising-hope\/\",\"name\":\"Raising Hope - CLARK Material Handling Company\",\"isPartOf\":{\"@id\":\"https:\/\/devnairuzcombr.com\/clark\/#website\"},\"datePublished\":\"2023-12-27T08:35:19+00:00\",\"dateModified\":\"2024-12-23T21:31:24+00:00\",\"breadcrumb\":{\"@id\":\"https:\/\/devnairuzcombr.com\/clark\/raising-hope\/#breadcrumb\"},\"inLanguage\":\"en-US\",\"potentialAction\":[{\"@type\":\"ReadAction\",\"target\":[\"https:\/\/devnairuzcombr.com\/clark\/raising-hope\/\"]}]},{\"@type\":\"BreadcrumbList\",\"@id\":\"https:\/\/devnairuzcombr.com\/clark\/raising-hope\/#breadcrumb\",\"itemListElement\":[{\"@type\":\"ListItem\",\"position\":1,\"name\":\"In\u00edcio\",\"item\":\"https:\/\/devnairuzcombr.com\/clark\/\"},{\"@type\":\"ListItem\",\"position\":2,\"name\":\"Raising Hope\"}]},{\"@type\":\"WebSite\",\"@id\":\"https:\/\/devnairuzcombr.com\/clark\/#website\",\"url\":\"https:\/\/devnairuzcombr.com\/clark\/\",\"name\":\"CLARK Material Handling Company\",\"description\":\"\",\"potentialAction\":[{\"@type\":\"SearchAction\",\"target\":{\"@type\":\"EntryPoint\",\"urlTemplate\":\"https:\/\/devnairuzcombr.com\/clark\/?s={search_term_string}\"},\"query-input\":{\"@type\":\"PropertyValueSpecification\",\"valueRequired\":true,\"valueName\":\"search_term_string\"}}],\"inLanguage\":\"en-US\"}]}<\/script>\n<!-- \/ Yoast SEO plugin. -->","yoast_head_json":{"title":"Raising Hope - CLARK Material Handling Company","robots":{"index":"noindex","follow":"follow","max-snippet":"max-snippet:-1","max-image-preview":"max-image-preview:large","max-video-preview":"max-video-preview:-1"},"og_locale":"en_US","og_type":"article","og_title":"Raising Hope - CLARK Material Handling Company","og_url":"https:\/\/devnairuzcombr.com\/clark\/raising-hope\/","og_site_name":"CLARK Material Handling Company","article_modified_time":"2024-12-23T21:31:24+00:00","twitter_card":"summary_large_image","twitter_misc":{"Est. reading time":"16 minutes"},"schema":{"@context":"https:\/\/schema.org","@graph":[{"@type":"WebPage","@id":"https:\/\/devnairuzcombr.com\/clark\/raising-hope\/","url":"https:\/\/devnairuzcombr.com\/clark\/raising-hope\/","name":"Raising Hope - CLARK Material Handling Company","isPartOf":{"@id":"https:\/\/devnairuzcombr.com\/clark\/#website"},"datePublished":"2023-12-27T08:35:19+00:00","dateModified":"2024-12-23T21:31:24+00:00","breadcrumb":{"@id":"https:\/\/devnairuzcombr.com\/clark\/raising-hope\/#breadcrumb"},"inLanguage":"en-US","potentialAction":[{"@type":"ReadAction","target":["https:\/\/devnairuzcombr.com\/clark\/raising-hope\/"]}]},{"@type":"BreadcrumbList","@id":"https:\/\/devnairuzcombr.com\/clark\/raising-hope\/#breadcrumb","itemListElement":[{"@type":"ListItem","position":1,"name":"In\u00edcio","item":"https:\/\/devnairuzcombr.com\/clark\/"},{"@type":"ListItem","position":2,"name":"Raising Hope"}]},{"@type":"WebSite","@id":"https:\/\/devnairuzcombr.com\/clark\/#website","url":"https:\/\/devnairuzcombr.com\/clark\/","name":"CLARK Material Handling Company","description":"","potentialAction":[{"@type":"SearchAction","target":{"@type":"EntryPoint","urlTemplate":"https:\/\/devnairuzcombr.com\/clark\/?s={search_term_string}"},"query-input":{"@type":"PropertyValueSpecification","valueRequired":true,"valueName":"search_term_string"}}],"inLanguage":"en-US"}]}},"_links":{"self":[{"href":"https:\/\/devnairuzcombr.com\/clark\/wp-json\/wp\/v2\/pages\/928","targetHints":{"allow":["GET"]}}],"collection":[{"href":"https:\/\/devnairuzcombr.com\/clark\/wp-json\/wp\/v2\/pages"}],"about":[{"href":"https:\/\/devnairuzcombr.com\/clark\/wp-json\/wp\/v2\/types\/page"}],"author":[{"embeddable":true,"href":"https:\/\/devnairuzcombr.com\/clark\/wp-json\/wp\/v2\/users\/10"}],"replies":[{"embeddable":true,"href":"https:\/\/devnairuzcombr.com\/clark\/wp-json\/wp\/v2\/comments?post=928"}],"version-history":[{"count":169,"href":"https:\/\/devnairuzcombr.com\/clark\/wp-json\/wp\/v2\/pages\/928\/revisions"}],"predecessor-version":[{"id":20745,"href":"https:\/\/devnairuzcombr.com\/clark\/wp-json\/wp\/v2\/pages\/928\/revisions\/20745"}],"wp:attachment":[{"href":"https:\/\/devnairuzcombr.com\/clark\/wp-json\/wp\/v2\/media?parent=928"}],"curies":[{"name":"wp","href":"https:\/\/api.w.org\/{rel}","templated":true}]}}