{"id":4139,"date":"2024-02-27T07:36:58","date_gmt":"2024-02-27T07:36:58","guid":{"rendered":"https:\/\/wordpress-1260149-4586912.cloudwaysapps.com\/?page_id=4139"},"modified":"2024-12-12T16:29:07","modified_gmt":"2024-12-12T16:29:07","slug":"industrial-solutions","status":"publish","type":"page","link":"https:\/\/devnairuzcombr.com\/clark\/industrial-solutions\/","title":{"rendered":"Industrial Solutions"},"content":{"rendered":"<p><div class=\"fusion-fullwidth fullwidth-box fusion-builder-row-1 fusion-flex-container video-background has-pattern-background has-mask-background nonhundred-percent-fullwidth non-hundred-percent-height-scrolling\" style=\"--awb-border-radius-top-left:0px;--awb-border-radius-top-right:0px;--awb-border-radius-bottom-right:0px;--awb-border-radius-bottom-left:0px;--awb-overflow:hidden;--awb-min-height:520px;--awb-min-height-small:250px;--awb-background-color:rgba(0,0,0,0.3);--awb-flex-wrap:wrap;\" ><div class=\"fullwidth-video\"><video preload=\"auto\" autoplay playsinline loop muted><source src=\"\/clark\/wp-content\/uploads\/2024\/10\/capa_solucoes_industriais.mp4\" type=\"video\/mp4\"><\/video><\/div><div class=\"fullwidth-overlay\" style=\"background-color:rgba(0,0,0,0.3);\"><\/div><div class=\"fusion-builder-row fusion-row fusion-flex-align-items-center fusion-flex-align-content-center fusion-flex-content-wrap\" style=\"max-width:calc( 1460px + 20px );margin-left: calc(-20px \/ 2 );margin-right: calc(-20px \/ 2 );\"><\/div><\/div><div class=\"fusion-fullwidth fullwidth-box fusion-builder-row-2 fusion-flex-container has-pattern-background has-mask-background nonhundred-percent-fullwidth non-hundred-percent-height-scrolling\" style=\"--awb-border-radius-top-left:0px;--awb-border-radius-top-right:0px;--awb-border-radius-bottom-right:0px;--awb-border-radius-bottom-left:0px;--awb-padding-bottom:0px;--awb-margin-top:0px;--awb-margin-bottom:0px;--awb-flex-wrap:wrap;\" ><div class=\"fusion-builder-row fusion-row fusion-flex-align-items-flex-start fusion-flex-content-wrap\" style=\"max-width:calc( 1460px + 20px );margin-left: calc(-20px \/ 2 );margin-right: calc(-20px \/ 2 );\"><div class=\"fusion-layout-column fusion_builder_column fusion-builder-column-0 fusion_builder_column_1_1 1_1 fusion-flex-column\" style=\"--awb-bg-size:cover;--awb-width-large:100%;--awb-margin-top-large:0px;--awb-spacing-right-large:10px;--awb-margin-bottom-large:20px;--awb-spacing-left-large:10px;--awb-width-medium:100%;--awb-order-medium:0;--awb-spacing-right-medium:10px;--awb-spacing-left-medium:10px;--awb-width-small:100%;--awb-order-small:0;--awb-spacing-right-small:10px;--awb-spacing-left-small:10px;\" data-scroll-devices=\"small-visibility,medium-visibility,large-visibility\"><div class=\"fusion-column-wrapper fusion-column-has-shadow fusion-flex-justify-content-flex-start fusion-content-layout-column\"><div class=\"fusion-title title fusion-title-1 fusion-sep-none fusion-title-text fusion-title-size-two title-lines\" style=\"--awb-text-color:var(--awb-color7);\"><h2 class=\"fusion-title-heading title-heading-left\" style=\"margin:0;text-transform:uppercase;\">SOLUCIONES INDUSTRIALES\u200b<\/h2><\/div><div class=\"fusion-text fusion-text-1\" style=\"--awb-content-alignment:justify;--awb-text-color:#0f0f0f;\"><p>Desde almacenes de gran altura hasta almacenes de materiales de construcci\u00f3n y todo lo dem\u00e1s, CLARK se enorgullece de producir equipos que satisfacen todas las necesidades de los clientes. CLARK fabrica equipos de manejo de materiales en los cinco grados principales, lo que garantiza la soluci\u00f3n adecuada para satisfacer sus necesidades, independientemente de la aplicaci\u00f3n. Elija su industria a continuaci\u00f3n para aprender c\u00f3mo los productos CLARK pueden respaldar mejor su negocio.\u200b<\/p>\n<\/div><\/div><\/div><div class=\"fusion-layout-column fusion_builder_column fusion-builder-column-1 fusion_builder_column_1_1 1_1 fusion-flex-column\" style=\"--awb-bg-size:cover;--awb-width-large:100%;--awb-margin-top-large:0px;--awb-spacing-right-large:10px;--awb-margin-bottom-large:0px;--awb-spacing-left-large:10px;--awb-width-medium:100%;--awb-order-medium:0;--awb-spacing-right-medium:10px;--awb-spacing-left-medium:10px;--awb-width-small:100%;--awb-order-small:0;--awb-spacing-right-small:10px;--awb-spacing-left-small:10px;\"><div class=\"fusion-column-wrapper fusion-column-has-shadow fusion-flex-justify-content-flex-start fusion-content-layout-column\"><div class=\"fusion-text fusion-text-2\">\t\t<div class=\"clarkmhc-industrial-category-wrapper\">\n\t\t\t\t\t\t\t<section class=\"clarkmhc-industrial-single-category row\">\n\t\t\t\t\t\t\t\t\t\t\t\t<div class=\"col-lg-3 col-md-6 col-sm-6 col-xs-12\">\n\t\t\t\t\t\t\t\t<div class=\"industry-wrapper\"><a href=\"\/clark\/almacen-y-centros-de-distribucion\" class=\"cisc-wrapper\">\n\t\t\t\t\t\t\t\t\t\t<img decoding=\"async\" src=\"https:\/\/devnairuzcombr.com\/clark\/wp-content\/uploads\/2024\/04\/Warehouse.jpg\" alt=\"Almac\u00e9n y Centros de Distribuci\u00f3n\">\n\t\t\t\t\t\t\t\t\t\t<h2>Almac\u00e9n y Centros de Distribuci\u00f3n<\/h2>\n\t\t\t\t\t\t\t\t\t<\/a><\/div>\n\t\t\t\t\t\t\t<\/div>\n\t\t\t\t\t\t\t\t\t\t\t\t<div class=\"col-lg-3 col-md-6 col-sm-6 col-xs-12\">\n\t\t\t\t\t\t\t\t<div class=\"industry-wrapper\"><a href=\"\/clark\/almacen-y-logistica\" class=\"cisc-wrapper\">\n\t\t\t\t\t\t\t\t\t\t<img decoding=\"async\" src=\"https:\/\/devnairuzcombr.com\/clark\/wp-content\/uploads\/2024\/04\/Frieght_Logistics.jpg\" alt=\"Almac\u00e9n y Log\u00edstica\u200b\">\n\t\t\t\t\t\t\t\t\t\t<h2>Almac\u00e9n y Log\u00edstica\u200b<\/h2>\n\t\t\t\t\t\t\t\t\t<\/a><\/div>\n\t\t\t\t\t\t\t<\/div>\n\t\t\t\t\t\t\t\t\t\t\t\t<div class=\"col-lg-3 col-md-6 col-sm-6 col-xs-12\">\n\t\t\t\t\t\t\t\t<div class=\"industry-wrapper\"><a href=\"\/clark\/industria-de-alimentos-y-bebidas\" class=\"cisc-wrapper\">\n\t\t\t\t\t\t\t\t\t\t<img decoding=\"async\" src=\"https:\/\/devnairuzcombr.com\/clark\/wp-content\/uploads\/2024\/10\/camera-frigorifica.png\" alt=\"C\u00e1maras frigor\u00edficas\">\n\t\t\t\t\t\t\t\t\t\t<h2>C\u00e1maras frigor\u00edficas<\/h2>\n\t\t\t\t\t\t\t\t\t<\/a><\/div>\n\t\t\t\t\t\t\t<\/div>\n\t\t\t\t\t\t\t\t\t\t\t\t<div class=\"col-lg-3 col-md-6 col-sm-6 col-xs-12\">\n\t\t\t\t\t\t\t\t<div class=\"industry-wrapper\"><a href=\"\/clark\/artefatos-y-concreto\" class=\"cisc-wrapper\">\n\t\t\t\t\t\t\t\t\t\t<img decoding=\"async\" src=\"https:\/\/devnairuzcombr.com\/clark\/wp-content\/uploads\/2024\/04\/Building-Material.jpg\" alt=\"Construcci\u00f3n\">\n\t\t\t\t\t\t\t\t\t\t<h2>Construcci\u00f3n<\/h2>\n\t\t\t\t\t\t\t\t\t<\/a><\/div>\n\t\t\t\t\t\t\t<\/div>\n\t\t\t\t\t\t\t\t\t\t\t\t<div class=\"col-lg-3 col-md-6 col-sm-6 col-xs-12\">\n\t\t\t\t\t\t\t\t<div class=\"industry-wrapper\"><a href=\"\/clark\/agronegocio-3\" class=\"cisc-wrapper\">\n\t\t\t\t\t\t\t\t\t\t<img decoding=\"async\" src=\"https:\/\/devnairuzcombr.com\/clark\/wp-content\/uploads\/2024\/10\/agronegocio-1.png\" alt=\"Industria Agr\u00edcola\">\n\t\t\t\t\t\t\t\t\t\t<h2>Industria Agr\u00edcola<\/h2>\n\t\t\t\t\t\t\t\t\t<\/a><\/div>\n\t\t\t\t\t\t\t<\/div>\n\t\t\t\t\t\t\t\t\t\t\t\t<div class=\"col-lg-3 col-md-6 col-sm-6 col-xs-12\">\n\t\t\t\t\t\t\t\t<div class=\"industry-wrapper\"><a href=\"\/clark\/artefatos-y-concreto\" class=\"cisc-wrapper\">\n\t\t\t\t\t\t\t\t\t\t<img decoding=\"async\" src=\"https:\/\/devnairuzcombr.com\/clark\/wp-content\/uploads\/2024\/10\/industria-ceramica.png\" alt=\"Industria Cer\u00e1mica\u200b\">\n\t\t\t\t\t\t\t\t\t\t<h2>Industria Cer\u00e1mica\u200b<\/h2>\n\t\t\t\t\t\t\t\t\t<\/a><\/div>\n\t\t\t\t\t\t\t<\/div>\n\t\t\t\t\t\t\t\t\t\t\t\t<div class=\"col-lg-3 col-md-6 col-sm-6 col-xs-12\">\n\t\t\t\t\t\t\t\t<div class=\"industry-wrapper\"><a href=\"\/clark\/industria-de-alimentos-y-bebidas\" class=\"cisc-wrapper\">\n\t\t\t\t\t\t\t\t\t\t<img decoding=\"async\" src=\"https:\/\/devnairuzcombr.com\/clark\/wp-content\/uploads\/2024\/04\/Food_Beverage.jpg\" alt=\"Industria de Alimentos y Bebidas\u200b\">\n\t\t\t\t\t\t\t\t\t\t<h2>Industria de Alimentos y Bebidas\u200b<\/h2>\n\t\t\t\t\t\t\t\t\t<\/a><\/div>\n\t\t\t\t\t\t\t<\/div>\n\t\t\t\t\t\t\t\t\t\t\t\t<div class=\"col-lg-3 col-md-6 col-sm-6 col-xs-12\">\n\t\t\t\t\t\t\t\t<div class=\"industry-wrapper\"><a href=\"\/clark\/materiales-de-construccion-albanileria-y-depositos\" class=\"cisc-wrapper\">\n\t\t\t\t\t\t\t\t\t\t<img decoding=\"async\" src=\"https:\/\/devnairuzcombr.com\/clark\/wp-content\/uploads\/2024\/04\/Lumber.jpg\" alt=\"Maderera\">\n\t\t\t\t\t\t\t\t\t\t<h2>Maderera<\/h2>\n\t\t\t\t\t\t\t\t\t<\/a><\/div>\n\t\t\t\t\t\t\t<\/div>\n\t\t\t\t\t\t\t\t\t\t\t\t<div class=\"col-lg-3 col-md-6 col-sm-6 col-xs-12\">\n\t\t\t\t\t\t\t\t<div class=\"industry-wrapper\"><a href=\"\/clark\/manufactura-e-industria-pesada\" class=\"cisc-wrapper\">\n\t\t\t\t\t\t\t\t\t\t<img decoding=\"async\" src=\"https:\/\/devnairuzcombr.com\/clark\/wp-content\/uploads\/2024\/04\/Manufacturing.jpg\" alt=\"Manufactura e Industria Pesada\u200b\">\n\t\t\t\t\t\t\t\t\t\t<h2>Manufactura e Industria Pesada\u200b<\/h2>\n\t\t\t\t\t\t\t\t\t<\/a><\/div>\n\t\t\t\t\t\t\t<\/div>\n\t\t\t\t\t\t\t\t\t\t\t\t<div class=\"col-lg-3 col-md-6 col-sm-6 col-xs-12\">\n\t\t\t\t\t\t\t\t<div class=\"industry-wrapper\"><a href=\"\/clark\/materiales-de-construccion-albanileria-y-depositos\" class=\"cisc-wrapper\">\n\t\t\t\t\t\t\t\t\t\t<img decoding=\"async\" src=\"https:\/\/devnairuzcombr.com\/clark\/wp-content\/uploads\/2024\/10\/materiais-construcao.png\" alt=\"Materiales de construcci\u00f3n, alba\u00f1iler\u00eda y dep\u00f3sitos\u200b\">\n\t\t\t\t\t\t\t\t\t\t<h2>Materiales de construcci\u00f3n, alba\u00f1iler\u00eda y dep\u00f3sitos\u200b<\/h2>\n\t\t\t\t\t\t\t\t\t<\/a><\/div>\n\t\t\t\t\t\t\t<\/div>\n\t\t\t\t\t\t\t\t\t\t\t\t<div class=\"col-lg-3 col-md-6 col-sm-6 col-xs-12\">\n\t\t\t\t\t\t\t\t<div class=\"industry-wrapper\"><a href=\"\/clark\/operaciones-portuarias\" class=\"cisc-wrapper\">\n\t\t\t\t\t\t\t\t\t\t<img decoding=\"async\" src=\"https:\/\/devnairuzcombr.com\/clark\/wp-content\/uploads\/2024\/10\/operacoes-portuarias.png\" alt=\"Operaciones Portuarias\u200b\">\n\t\t\t\t\t\t\t\t\t\t<h2>Operaciones Portuarias\u200b<\/h2>\n\t\t\t\t\t\t\t\t\t<\/a><\/div>\n\t\t\t\t\t\t\t<\/div>\n\t\t\t\t\t\t\t\t\t\t\t\t<div class=\"col-lg-3 col-md-6 col-sm-6 col-xs-12\">\n\t\t\t\t\t\t\t\t<div class=\"industry-wrapper\"><a href=\"\/clark\/sistemas-de-concreto-y-prefabricados\" class=\"cisc-wrapper\">\n\t\t\t\t\t\t\t\t\t\t<img decoding=\"async\" src=\"https:\/\/devnairuzcombr.com\/clark\/wp-content\/uploads\/2024\/10\/artefatos-concreto.png\" alt=\"Sistemas de Concreto y Prefabricados\">\n\t\t\t\t\t\t\t\t\t\t<h2>Sistemas de Concreto y Prefabricados<\/h2>\n\t\t\t\t\t\t\t\t\t<\/a><\/div>\n\t\t\t\t\t\t\t<\/div>\n\t\t\t\t\t\t\t\t\t<\/section>\n\t\t\t\t\t<\/div>\n\t\n<\/div><\/div><\/div><\/div><\/div><\/p>\n","protected":false},"excerpt":{"rendered":"","protected":false},"author":10,"featured_media":0,"parent":0,"menu_order":0,"comment_status":"closed","ping_status":"closed","template":"100-width.php","meta":{"_acf_changed":false,"footnotes":""},"class_list":["post-4139","page","type-page","status-publish","hentry"],"acf":[],"yoast_head":"<!-- This site is optimized with the Yoast SEO plugin v27.2 - https:\/\/yoast.com\/product\/yoast-seo-wordpress\/ -->\n<title>Industrial Solutions - CLARK Material Handling Company<\/title>\n<meta name=\"robots\" content=\"noindex, follow, max-snippet:-1, max-image-preview:large, max-video-preview:-1\" \/>\n<meta property=\"og:locale\" content=\"en_US\" \/>\n<meta property=\"og:type\" content=\"article\" \/>\n<meta property=\"og:title\" content=\"Industrial Solutions - CLARK Material Handling Company\" \/>\n<meta property=\"og:url\" content=\"https:\/\/devnairuzcombr.com\/clark\/industrial-solutions\/\" \/>\n<meta property=\"og:site_name\" content=\"CLARK Material Handling Company\" \/>\n<meta property=\"article:modified_time\" content=\"2024-12-12T16:29:07+00:00\" \/>\n<meta name=\"twitter:card\" content=\"summary_large_image\" \/>\n<meta name=\"twitter:label1\" content=\"Est. reading time\" \/>\n\t<meta name=\"twitter:data1\" content=\"6 minutes\" \/>\n<script type=\"application\/ld+json\" class=\"yoast-schema-graph\">{\"@context\":\"https:\/\/schema.org\",\"@graph\":[{\"@type\":\"WebPage\",\"@id\":\"https:\/\/devnairuzcombr.com\/clark\/industrial-solutions\/\",\"url\":\"https:\/\/devnairuzcombr.com\/clark\/industrial-solutions\/\",\"name\":\"Industrial Solutions - CLARK Material Handling Company\",\"isPartOf\":{\"@id\":\"https:\/\/devnairuzcombr.com\/clark\/#website\"},\"datePublished\":\"2024-02-27T07:36:58+00:00\",\"dateModified\":\"2024-12-12T16:29:07+00:00\",\"breadcrumb\":{\"@id\":\"https:\/\/devnairuzcombr.com\/clark\/industrial-solutions\/#breadcrumb\"},\"inLanguage\":\"en-US\",\"potentialAction\":[{\"@type\":\"ReadAction\",\"target\":[\"https:\/\/devnairuzcombr.com\/clark\/industrial-solutions\/\"]}]},{\"@type\":\"BreadcrumbList\",\"@id\":\"https:\/\/devnairuzcombr.com\/clark\/industrial-solutions\/#breadcrumb\",\"itemListElement\":[{\"@type\":\"ListItem\",\"position\":1,\"name\":\"In\u00edcio\",\"item\":\"https:\/\/devnairuzcombr.com\/clark\/\"},{\"@type\":\"ListItem\",\"position\":2,\"name\":\"Industrial Solutions\"}]},{\"@type\":\"WebSite\",\"@id\":\"https:\/\/devnairuzcombr.com\/clark\/#website\",\"url\":\"https:\/\/devnairuzcombr.com\/clark\/\",\"name\":\"CLARK Material Handling Company\",\"description\":\"\",\"potentialAction\":[{\"@type\":\"SearchAction\",\"target\":{\"@type\":\"EntryPoint\",\"urlTemplate\":\"https:\/\/devnairuzcombr.com\/clark\/?s={search_term_string}\"},\"query-input\":{\"@type\":\"PropertyValueSpecification\",\"valueRequired\":true,\"valueName\":\"search_term_string\"}}],\"inLanguage\":\"en-US\"}]}<\/script>\n<!-- \/ Yoast SEO plugin. -->","yoast_head_json":{"title":"Industrial Solutions - CLARK Material Handling Company","robots":{"index":"noindex","follow":"follow","max-snippet":"max-snippet:-1","max-image-preview":"max-image-preview:large","max-video-preview":"max-video-preview:-1"},"og_locale":"en_US","og_type":"article","og_title":"Industrial Solutions - CLARK Material Handling Company","og_url":"https:\/\/devnairuzcombr.com\/clark\/industrial-solutions\/","og_site_name":"CLARK Material Handling Company","article_modified_time":"2024-12-12T16:29:07+00:00","twitter_card":"summary_large_image","twitter_misc":{"Est. reading time":"6 minutes"},"schema":{"@context":"https:\/\/schema.org","@graph":[{"@type":"WebPage","@id":"https:\/\/devnairuzcombr.com\/clark\/industrial-solutions\/","url":"https:\/\/devnairuzcombr.com\/clark\/industrial-solutions\/","name":"Industrial Solutions - CLARK Material Handling Company","isPartOf":{"@id":"https:\/\/devnairuzcombr.com\/clark\/#website"},"datePublished":"2024-02-27T07:36:58+00:00","dateModified":"2024-12-12T16:29:07+00:00","breadcrumb":{"@id":"https:\/\/devnairuzcombr.com\/clark\/industrial-solutions\/#breadcrumb"},"inLanguage":"en-US","potentialAction":[{"@type":"ReadAction","target":["https:\/\/devnairuzcombr.com\/clark\/industrial-solutions\/"]}]},{"@type":"BreadcrumbList","@id":"https:\/\/devnairuzcombr.com\/clark\/industrial-solutions\/#breadcrumb","itemListElement":[{"@type":"ListItem","position":1,"name":"In\u00edcio","item":"https:\/\/devnairuzcombr.com\/clark\/"},{"@type":"ListItem","position":2,"name":"Industrial Solutions"}]},{"@type":"WebSite","@id":"https:\/\/devnairuzcombr.com\/clark\/#website","url":"https:\/\/devnairuzcombr.com\/clark\/","name":"CLARK Material Handling Company","description":"","potentialAction":[{"@type":"SearchAction","target":{"@type":"EntryPoint","urlTemplate":"https:\/\/devnairuzcombr.com\/clark\/?s={search_term_string}"},"query-input":{"@type":"PropertyValueSpecification","valueRequired":true,"valueName":"search_term_string"}}],"inLanguage":"en-US"}]}},"_links":{"self":[{"href":"https:\/\/devnairuzcombr.com\/clark\/wp-json\/wp\/v2\/pages\/4139","targetHints":{"allow":["GET"]}}],"collection":[{"href":"https:\/\/devnairuzcombr.com\/clark\/wp-json\/wp\/v2\/pages"}],"about":[{"href":"https:\/\/devnairuzcombr.com\/clark\/wp-json\/wp\/v2\/types\/page"}],"author":[{"embeddable":true,"href":"https:\/\/devnairuzcombr.com\/clark\/wp-json\/wp\/v2\/users\/10"}],"replies":[{"embeddable":true,"href":"https:\/\/devnairuzcombr.com\/clark\/wp-json\/wp\/v2\/comments?post=4139"}],"version-history":[{"count":91,"href":"https:\/\/devnairuzcombr.com\/clark\/wp-json\/wp\/v2\/pages\/4139\/revisions"}],"predecessor-version":[{"id":20713,"href":"https:\/\/devnairuzcombr.com\/clark\/wp-json\/wp\/v2\/pages\/4139\/revisions\/20713"}],"wp:attachment":[{"href":"https:\/\/devnairuzcombr.com\/clark\/wp-json\/wp\/v2\/media?parent=4139"}],"curies":[{"name":"wp","href":"https:\/\/api.w.org\/{rel}","templated":true}]}}