{"id":2320,"date":"2024-01-16T11:03:52","date_gmt":"2024-01-16T11:03:52","guid":{"rendered":"https:\/\/wordpress-1260149-4586912.cloudwaysapps.com\/?page_id=2320"},"modified":"2024-12-13T15:44:01","modified_gmt":"2024-12-13T15:44:01","slug":"leadership","status":"publish","type":"page","link":"https:\/\/devnairuzcombr.com\/clark\/leadership\/","title":{"rendered":"Leadership"},"content":{"rendered":"<p><div class=\"fusion-fullwidth fullwidth-box fusion-builder-row-1 fusion-flex-container video-background has-pattern-background has-mask-background inner-custom-width awards-achievement nonhundred-percent-fullwidth non-hundred-percent-height-scrolling\" style=\"--awb-background-blend-mode:overlay;--awb-border-radius-top-left:0px;--awb-border-radius-top-right:0px;--awb-border-radius-bottom-right:0px;--awb-border-radius-bottom-left:0px;--awb-padding-top:80px;--awb-margin-top-small:0px;--awb-background-color:rgba(0,0,0,0.6);--awb-background-image:url(&quot;https:\/\/devnairuzcombr.com\/clark\/wp-content\/uploads\/2024\/02\/1000_F_44582832_XIVoCFdPyx2MdiUKTiX17x3c8PIARtRp.jpg&quot;);--awb-background-size:cover;--awb-background-size-small:cover;--awb-flex-wrap:wrap;\" ><div class=\"fullwidth-video\"><video preload=\"auto\" autoplay playsinline loop muted><source src=\"\/clark\/wp-content\/uploads\/2024\/02\/Leadership-Banner.mp4\" type=\"video\/mp4\"><\/video><\/div><div class=\"fullwidth-overlay\" style=\"background-color:rgba(0,0,0,0.6);\"><\/div><div class=\"fusion-builder-row fusion-row fusion-flex-align-items-center fusion-flex-content-wrap\" style=\"max-width:calc( 1460px + 20px );margin-left: calc(-20px \/ 2 );margin-right: calc(-20px \/ 2 );\"><div class=\"fusion-layout-column fusion_builder_column fusion-builder-column-0 fusion_builder_column_1_1 1_1 fusion-flex-column\" style=\"--awb-bg-size:cover;--awb-width-large:100%;--awb-margin-top-large:0px;--awb-spacing-right-large:10px;--awb-margin-bottom-large:20px;--awb-spacing-left-large:10px;--awb-width-medium:100%;--awb-order-medium:0;--awb-spacing-right-medium:10px;--awb-spacing-left-medium:10px;--awb-width-small:100%;--awb-order-small:0;--awb-spacing-right-small:10px;--awb-spacing-left-small:10px;\"><div class=\"fusion-column-wrapper fusion-column-has-shadow fusion-flex-justify-content-flex-start fusion-content-layout-column\"><div class=\"fusion-builder-row fusion-builder-row-inner fusion-row fusion-flex-align-items-center fusion-flex-content-wrap\" style=\"width:calc( 100% + 20px ) !important;max-width:calc( 100% + 20px ) !important;margin-left: calc(-20px \/ 2 );margin-right: calc(-20px \/ 2 );\"><div class=\"fusion-layout-column fusion_builder_column_inner fusion-builder-nested-column-0 fusion_builder_column_inner_1_2 1_2 fusion-flex-column\" style=\"--awb-padding-right:100px;--awb-bg-size:cover;--awb-width-large:50%;--awb-margin-top-large:0px;--awb-spacing-right-large:10px;--awb-margin-bottom-large:20px;--awb-spacing-left-large:10px;--awb-width-medium:100%;--awb-order-medium:0;--awb-spacing-right-medium:10px;--awb-spacing-left-medium:10px;--awb-width-small:100%;--awb-order-small:0;--awb-spacing-right-small:10px;--awb-spacing-left-small:10px;\" data-scroll-devices=\"small-visibility,medium-visibility,large-visibility\"><div class=\"fusion-column-wrapper fusion-column-has-shadow fusion-flex-justify-content-flex-start fusion-content-layout-column\"><div class=\"fusion-title title fusion-title-1 fusion-sep-none fusion-title-text fusion-title-size-one title-lines\" style=\"--awb-text-color:var(--awb-color1);\"><h1 class=\"fusion-title-heading title-heading-left\" style=\"margin:0;text-transform:uppercase;\">Liderazgo<\/h1><\/div><div class=\"fusion-text fusion-text-1 fusion-text-no-margin small-width-text\" style=\"--awb-text-color:var(--awb-color1);--awb-margin-top:05px;--awb-margin-bottom:35px;\"><p><span style=\"color: var(--awb-color4); font-family: var(--awb-text-font-family); font-size: var(--awb-font-size); font-style: var(--awb-text-font-style); letter-spacing: var(--awb-letter-spacing); text-align: var(--awb-content-alignment); text-transform: var(--awb-text-transform); background-color: var(--awb-bg-color-hover);\"><b>Una marca estadounidense, impulsada alrededor del mundo, elevando esp\u00edritus alrededor del mundo, construida alrededor del mundo.<\/b><\/span><\/p>\n<\/div><\/div><\/div><div class=\"fusion-layout-column fusion_builder_column_inner fusion-builder-nested-column-1 fusion_builder_column_inner_1_2 1_2 fusion-flex-column\" style=\"--awb-bg-size:cover;--awb-width-large:50%;--awb-margin-top-large:0px;--awb-spacing-right-large:10px;--awb-margin-bottom-large:20px;--awb-spacing-left-large:10px;--awb-width-medium:100%;--awb-order-medium:0;--awb-margin-top-medium:0;--awb-spacing-right-medium:10px;--awb-spacing-left-medium:10px;--awb-width-small:100%;--awb-order-small:0;--awb-spacing-right-small:10px;--awb-spacing-left-small:10px;\"><div class=\"fusion-column-wrapper fusion-column-has-shadow fusion-flex-justify-content-center fusion-content-layout-row fusion-flex-align-items-center\"><\/div><\/div><\/div><\/div><\/div><\/div><\/div><div class=\"fusion-fullwidth fullwidth-box fusion-builder-row-2 fusion-flex-container has-pattern-background has-mask-background team-wrapper nonhundred-percent-fullwidth non-hundred-percent-height-scrolling\" style=\"--awb-background-position:left top;--awb-border-radius-top-left:0px;--awb-border-radius-top-right:0px;--awb-border-radius-bottom-right:0px;--awb-border-radius-bottom-left:0px;--awb-margin-top:0px;--awb-background-size:100%;--awb-flex-wrap:wrap;\" ><div class=\"fusion-builder-row fusion-row fusion-flex-align-items-stretch fusion-flex-content-wrap\" style=\"max-width:calc( 1460px + 20px );margin-left: calc(-20px \/ 2 );margin-right: calc(-20px \/ 2 );\"><div class=\"fusion-layout-column fusion_builder_column fusion-builder-column-1 fusion_builder_column_1_1 1_1 fusion-flex-column\" style=\"--awb-bg-size:cover;--awb-width-large:100%;--awb-margin-top-large:0px;--awb-spacing-right-large:10px;--awb-margin-bottom-large:0px;--awb-spacing-left-large:10px;--awb-width-medium:100%;--awb-order-medium:0;--awb-spacing-right-medium:10px;--awb-spacing-left-medium:10px;--awb-width-small:100%;--awb-order-small:0;--awb-spacing-right-small:10px;--awb-spacing-left-small:10px;\"><div class=\"fusion-column-wrapper fusion-column-has-shadow fusion-flex-justify-content-flex-start fusion-content-layout-column\"><div class=\"fusion-person person fusion-person-left fusion-person-1 fusion-person-icon-top\" style=\"--awb-pic-style-color:rgba(53,53,53,0);--awb-pic-borderradius:0px;--awb-margin-top:0px;--awb-margin-right:0px;--awb-margin-bottom:0px;--awb-margin-left:0px;\"><div class=\"person-shortcode-image-wrapper\"><div class=\"person-image-container hover-type-none\" style=\"border:0px solid var(--awb-color3);-webkit-border-radius:0px;-moz-border-radius:0px;border-radius:0px;\"><img decoding=\"async\" class=\"person-img img-responsive wp-image-20733\" width=\"1153\" height=\"1147\" src=\"https:\/\/devnairuzcombr.com\/clark\/wp-content\/uploads\/2024\/12\/KIM_CMHCR.png\" alt=\"CHANG-IL KIM\" srcset=\"https:\/\/devnairuzcombr.com\/clark\/wp-content\/uploads\/2024\/12\/KIM_CMHCR-200x199.png 200w, https:\/\/devnairuzcombr.com\/clark\/wp-content\/uploads\/2024\/12\/KIM_CMHCR-400x398.png 400w, https:\/\/devnairuzcombr.com\/clark\/wp-content\/uploads\/2024\/12\/KIM_CMHCR-600x597.png 600w, https:\/\/devnairuzcombr.com\/clark\/wp-content\/uploads\/2024\/12\/KIM_CMHCR-800x796.png 800w, https:\/\/devnairuzcombr.com\/clark\/wp-content\/uploads\/2024\/12\/KIM_CMHCR.png 1153w\" sizes=\"(max-width: 767px) 100vw, 1153px\" \/><\/div><\/div><div class=\"person-desc\"><div class=\"person-author\"><div class=\"person-author-wrapper\"><span class=\"person-name\">CHANG-IL KIM<\/span><span class=\"person-title\">Presidente Director (CEO) <\/span><\/div><\/div><div class=\"person-content fusion-clearfix\">\n<p>Chang-il Kim actualmente se encuentra radicado en San Jos\u00e9, Costa Rica, desempe\u00f1\u00e1ndose como CEO de CLARK para Centroam\u00e9rica El Caribe y Sudam\u00e9rica, y es una de las piezas clave de la red global de ventas de CLARK. <\/p>\n<p>El Sr. Kim cuenta con aproximadamente 40 a\u00f1os de experiencia en la industria de equipos de construcci\u00f3n y manejo de materiales, habiendo ocupado diversos roles en ventas, mercadeo y fabricaci\u00f3n.\u200b<\/p>\n<p>Estudi\u00f3 una licenciatura en idiomas y administraci\u00f3n de empresas, as\u00ed como un MBA en Se\u00fal, Corea.\u200b<\/p>\n<p>Con m\u00e1s de 30 a\u00f1os de experiencia internacional en pa\u00edses como Estados Unidos, Europa y Sudam\u00e9rica, colabora de manera org\u00e1nica con los distribuidores de CLARK, brind\u00e1ndoles soporte en ventas, marketing y asistencia t\u00e9cnica.<\/p>\n<p>Su misi\u00f3n principal es fortalecer el valor de la marca CLARK en la regi\u00f3n. <\/p>\n<\/div><\/div><\/div><\/div><\/div><\/div><\/div><div class=\"fusion-fullwidth fullwidth-box fusion-builder-row-3 fusion-flex-container has-pattern-background has-mask-background team-wrapper nonhundred-percent-fullwidth non-hundred-percent-height-scrolling\" style=\"--awb-background-position:left top;--awb-border-radius-top-left:0px;--awb-border-radius-top-right:0px;--awb-border-radius-bottom-right:0px;--awb-border-radius-bottom-left:0px;--awb-margin-top:0px;--awb-background-size:100%;--awb-flex-wrap:wrap;\" ><div class=\"fusion-builder-row fusion-row fusion-flex-align-items-stretch fusion-flex-content-wrap\" style=\"max-width:calc( 1460px + 20px );margin-left: calc(-20px \/ 2 );margin-right: calc(-20px \/ 2 );\"><div class=\"fusion-layout-column fusion_builder_column fusion-builder-column-2 fusion_builder_column_1_1 1_1 fusion-flex-column\" style=\"--awb-bg-size:cover;--awb-width-large:100%;--awb-margin-top-large:0px;--awb-spacing-right-large:10px;--awb-margin-bottom-large:0px;--awb-spacing-left-large:10px;--awb-width-medium:100%;--awb-order-medium:0;--awb-spacing-right-medium:10px;--awb-spacing-left-medium:10px;--awb-width-small:100%;--awb-order-small:0;--awb-spacing-right-small:10px;--awb-spacing-left-small:10px;\"><div class=\"fusion-column-wrapper fusion-column-has-shadow fusion-flex-justify-content-flex-start fusion-content-layout-column\"><div class=\"fusion-person person fusion-person-left fusion-person-2 fusion-person-icon-top\" style=\"--awb-pic-style-color:rgba(53,53,53,0);--awb-pic-borderradius:0px;--awb-margin-top:0px;--awb-margin-right:0px;--awb-margin-bottom:0px;--awb-margin-left:0px;\"><div class=\"person-shortcode-image-wrapper\"><div class=\"person-image-container hover-type-none\" style=\"border:0px solid var(--awb-color3);-webkit-border-radius:0px;-moz-border-radius:0px;border-radius:0px;\"><img decoding=\"async\" class=\"person-img img-responsive wp-image-20732\" width=\"867\" height=\"870\" src=\"https:\/\/devnairuzcombr.com\/clark\/wp-content\/uploads\/2024\/12\/Eduardo_CMHCR.png\" alt=\"Eduardo L\u00f3pez \" srcset=\"https:\/\/devnairuzcombr.com\/clark\/wp-content\/uploads\/2024\/12\/Eduardo_CMHCR-200x201.png 200w, https:\/\/devnairuzcombr.com\/clark\/wp-content\/uploads\/2024\/12\/Eduardo_CMHCR-400x401.png 400w, https:\/\/devnairuzcombr.com\/clark\/wp-content\/uploads\/2024\/12\/Eduardo_CMHCR-600x602.png 600w, https:\/\/devnairuzcombr.com\/clark\/wp-content\/uploads\/2024\/12\/Eduardo_CMHCR-800x803.png 800w, https:\/\/devnairuzcombr.com\/clark\/wp-content\/uploads\/2024\/12\/Eduardo_CMHCR.png 867w\" sizes=\"(max-width: 767px) 100vw, 867px\" \/><\/div><\/div><div class=\"person-desc\"><div class=\"person-author\"><div class=\"person-author-wrapper\"><span class=\"person-name\">Eduardo L\u00f3pez <\/span><span class=\"person-title\">Gerente de Ventas <\/span><\/div><\/div><div class=\"person-content fusion-clearfix\">\n<p>Eduardo L\u00f3pez, actualmente Gerente de ventas de CLARK Costa Rica, ingreso a CLARK en 2019. <\/p>\n<p>Responsable de la gesti\u00f3n de ventas de maquinaria y mercadeo de producto as\u00ed como el desarrollo de distribuidores en la regi\u00f3n de Centroam\u00e9rica, El Caribe y Suram\u00e9rica exceptuando Brasil. Eduardo a colaborado de manera activa en la expansi\u00f3n de la red de distribuidores y en la penetraci\u00f3n de diferentes mercados en la regi\u00f3n.<\/p>\n<p>Eduardo cuenta con mas de 20 a\u00f1os de experiencia profesional en el \u00e1mbito de maquinaria de construcci\u00f3n, agr\u00edcola y manejo de materiales.<\/p>\n<p>]\n<p>Formado como Licenciado en Ingenier\u00eda Mec\u00e1nica,   cuenta con t\u00e9cnico en mec\u00e1nica, especializaci\u00f3n en comercio internacional y post venta, Maestr\u00eda en Agronegocios y MBA Internacional.<\/p>\n<\/div><\/div><\/div><\/div><\/div><\/div><\/div><div class=\"fusion-fullwidth fullwidth-box fusion-builder-row-4 fusion-flex-container has-pattern-background has-mask-background team-wrapper nonhundred-percent-fullwidth non-hundred-percent-height-scrolling\" style=\"--awb-background-position:left top;--awb-border-radius-top-left:0px;--awb-border-radius-top-right:0px;--awb-border-radius-bottom-right:0px;--awb-border-radius-bottom-left:0px;--awb-margin-top:0px;--awb-background-size:100%;--awb-flex-wrap:wrap;\" ><div class=\"fusion-builder-row fusion-row fusion-flex-align-items-flex-start fusion-flex-content-wrap\" style=\"max-width:calc( 1460px + 20px );margin-left: calc(-20px \/ 2 );margin-right: calc(-20px \/ 2 );\"><div class=\"fusion-layout-column fusion_builder_column fusion-builder-column-3 fusion_builder_column_1_1 1_1 fusion-flex-column\" style=\"--awb-bg-size:cover;--awb-width-large:100%;--awb-margin-top-large:0px;--awb-spacing-right-large:10px;--awb-margin-bottom-large:0px;--awb-spacing-left-large:10px;--awb-width-medium:100%;--awb-order-medium:0;--awb-spacing-right-medium:10px;--awb-spacing-left-medium:10px;--awb-width-small:100%;--awb-order-small:0;--awb-spacing-right-small:10px;--awb-spacing-left-small:10px;\"><div class=\"fusion-column-wrapper fusion-column-has-shadow fusion-flex-justify-content-flex-start fusion-content-layout-column\"><div class=\"fusion-person person fusion-person-left fusion-person-3 fusion-person-icon-top\" style=\"--awb-pic-style-color:rgba(53,53,53,0);--awb-pic-borderradius:0px;--awb-margin-top:0px;--awb-margin-right:0px;--awb-margin-bottom:0px;--awb-margin-left:0px;\"><div class=\"person-shortcode-image-wrapper\"><div class=\"person-image-container hover-type-none\" style=\"border:0px solid var(--awb-color3);-webkit-border-radius:0px;-moz-border-radius:0px;border-radius:0px;\"><img decoding=\"async\" class=\"person-img img-responsive wp-image-20734\" width=\"700\" height=\"773\" src=\"https:\/\/devnairuzcombr.com\/clark\/wp-content\/uploads\/2024\/12\/VALERIN_CMHCR.png\" alt=\"Cristian Valerin \" srcset=\"https:\/\/devnairuzcombr.com\/clark\/wp-content\/uploads\/2024\/12\/VALERIN_CMHCR-200x221.png 200w, https:\/\/devnairuzcombr.com\/clark\/wp-content\/uploads\/2024\/12\/VALERIN_CMHCR-400x442.png 400w, https:\/\/devnairuzcombr.com\/clark\/wp-content\/uploads\/2024\/12\/VALERIN_CMHCR-600x663.png 600w, https:\/\/devnairuzcombr.com\/clark\/wp-content\/uploads\/2024\/12\/VALERIN_CMHCR.png 700w\" sizes=\"(max-width: 767px) 100vw, 700px\" \/><\/div><\/div><div class=\"person-desc\"><div class=\"person-author\"><div class=\"person-author-wrapper\"><span class=\"person-name\">Cristian Valerin <\/span><span class=\"person-title\">Gerente Financiero <\/span><\/div><\/div><div class=\"person-content fusion-clearfix\">\n<p>Cristian Valerin, actualmente Gerente Financiero de CLARK Costa Rica, ingreso al grupo en 1995 y directamente a CLARK en 2004. <\/p>\n<p>Responsable de la gesti\u00f3n contable, financiera y fiscal de CLARK Costa Rica as\u00ed como de nuestro programa filantr\u00f3pico.\u200b<\/p>\n<p>Cristian es un actor estrat\u00e9gico en las \u00e1reas mencionadas, garantizando la operaci\u00f3n financiera, gobierno empresarial y resultados contables alineados a las directrices corporativas.<\/p>\n<p>Cristian cuenta con m\u00e1s de 30 a\u00f1os de experiencia financiera, todas ellas dentro del mismo grupo empresarial de la que es parte CLARK Costa Rica.\u200b<\/p>\n<p>Formado en \u00c1rea Financiera Contable, Contador Privado Incorporado al colegio de contadores de Costa Rica.<\/p>\n<\/div><\/div><\/div><\/div><\/div><\/div><\/div><\/p>\n","protected":false},"excerpt":{"rendered":"","protected":false},"author":10,"featured_media":0,"parent":0,"menu_order":0,"comment_status":"closed","ping_status":"closed","template":"100-width.php","meta":{"_acf_changed":false,"footnotes":""},"class_list":["post-2320","page","type-page","status-publish","hentry"],"acf":[],"yoast_head":"<!-- This site is optimized with the Yoast SEO plugin v27.2 - https:\/\/yoast.com\/product\/yoast-seo-wordpress\/ -->\n<title>Leadership - CLARK Material Handling Company<\/title>\n<meta name=\"robots\" content=\"noindex, follow, max-snippet:-1, max-image-preview:large, max-video-preview:-1\" \/>\n<meta property=\"og:locale\" content=\"en_US\" \/>\n<meta property=\"og:type\" content=\"article\" \/>\n<meta property=\"og:title\" content=\"Leadership - CLARK Material Handling Company\" \/>\n<meta property=\"og:url\" content=\"https:\/\/devnairuzcombr.com\/clark\/leadership\/\" \/>\n<meta property=\"og:site_name\" content=\"CLARK Material Handling Company\" \/>\n<meta property=\"article:modified_time\" content=\"2024-12-13T15:44:01+00:00\" \/>\n<meta name=\"twitter:card\" content=\"summary_large_image\" \/>\n<meta name=\"twitter:label1\" content=\"Est. reading time\" \/>\n\t<meta name=\"twitter:data1\" content=\"16 minutes\" \/>\n<script type=\"application\/ld+json\" class=\"yoast-schema-graph\">{\"@context\":\"https:\/\/schema.org\",\"@graph\":[{\"@type\":\"WebPage\",\"@id\":\"https:\/\/devnairuzcombr.com\/clark\/leadership\/\",\"url\":\"https:\/\/devnairuzcombr.com\/clark\/leadership\/\",\"name\":\"Leadership - CLARK Material Handling Company\",\"isPartOf\":{\"@id\":\"https:\/\/devnairuzcombr.com\/clark\/#website\"},\"datePublished\":\"2024-01-16T11:03:52+00:00\",\"dateModified\":\"2024-12-13T15:44:01+00:00\",\"breadcrumb\":{\"@id\":\"https:\/\/devnairuzcombr.com\/clark\/leadership\/#breadcrumb\"},\"inLanguage\":\"en-US\",\"potentialAction\":[{\"@type\":\"ReadAction\",\"target\":[\"https:\/\/devnairuzcombr.com\/clark\/leadership\/\"]}]},{\"@type\":\"BreadcrumbList\",\"@id\":\"https:\/\/devnairuzcombr.com\/clark\/leadership\/#breadcrumb\",\"itemListElement\":[{\"@type\":\"ListItem\",\"position\":1,\"name\":\"In\u00edcio\",\"item\":\"https:\/\/devnairuzcombr.com\/clark\/\"},{\"@type\":\"ListItem\",\"position\":2,\"name\":\"Leadership\"}]},{\"@type\":\"WebSite\",\"@id\":\"https:\/\/devnairuzcombr.com\/clark\/#website\",\"url\":\"https:\/\/devnairuzcombr.com\/clark\/\",\"name\":\"CLARK Material Handling Company\",\"description\":\"\",\"potentialAction\":[{\"@type\":\"SearchAction\",\"target\":{\"@type\":\"EntryPoint\",\"urlTemplate\":\"https:\/\/devnairuzcombr.com\/clark\/?s={search_term_string}\"},\"query-input\":{\"@type\":\"PropertyValueSpecification\",\"valueRequired\":true,\"valueName\":\"search_term_string\"}}],\"inLanguage\":\"en-US\"}]}<\/script>\n<!-- \/ Yoast SEO plugin. -->","yoast_head_json":{"title":"Leadership - CLARK Material Handling Company","robots":{"index":"noindex","follow":"follow","max-snippet":"max-snippet:-1","max-image-preview":"max-image-preview:large","max-video-preview":"max-video-preview:-1"},"og_locale":"en_US","og_type":"article","og_title":"Leadership - CLARK Material Handling Company","og_url":"https:\/\/devnairuzcombr.com\/clark\/leadership\/","og_site_name":"CLARK Material Handling Company","article_modified_time":"2024-12-13T15:44:01+00:00","twitter_card":"summary_large_image","twitter_misc":{"Est. reading time":"16 minutes"},"schema":{"@context":"https:\/\/schema.org","@graph":[{"@type":"WebPage","@id":"https:\/\/devnairuzcombr.com\/clark\/leadership\/","url":"https:\/\/devnairuzcombr.com\/clark\/leadership\/","name":"Leadership - CLARK Material Handling Company","isPartOf":{"@id":"https:\/\/devnairuzcombr.com\/clark\/#website"},"datePublished":"2024-01-16T11:03:52+00:00","dateModified":"2024-12-13T15:44:01+00:00","breadcrumb":{"@id":"https:\/\/devnairuzcombr.com\/clark\/leadership\/#breadcrumb"},"inLanguage":"en-US","potentialAction":[{"@type":"ReadAction","target":["https:\/\/devnairuzcombr.com\/clark\/leadership\/"]}]},{"@type":"BreadcrumbList","@id":"https:\/\/devnairuzcombr.com\/clark\/leadership\/#breadcrumb","itemListElement":[{"@type":"ListItem","position":1,"name":"In\u00edcio","item":"https:\/\/devnairuzcombr.com\/clark\/"},{"@type":"ListItem","position":2,"name":"Leadership"}]},{"@type":"WebSite","@id":"https:\/\/devnairuzcombr.com\/clark\/#website","url":"https:\/\/devnairuzcombr.com\/clark\/","name":"CLARK Material Handling Company","description":"","potentialAction":[{"@type":"SearchAction","target":{"@type":"EntryPoint","urlTemplate":"https:\/\/devnairuzcombr.com\/clark\/?s={search_term_string}"},"query-input":{"@type":"PropertyValueSpecification","valueRequired":true,"valueName":"search_term_string"}}],"inLanguage":"en-US"}]}},"_links":{"self":[{"href":"https:\/\/devnairuzcombr.com\/clark\/wp-json\/wp\/v2\/pages\/2320","targetHints":{"allow":["GET"]}}],"collection":[{"href":"https:\/\/devnairuzcombr.com\/clark\/wp-json\/wp\/v2\/pages"}],"about":[{"href":"https:\/\/devnairuzcombr.com\/clark\/wp-json\/wp\/v2\/types\/page"}],"author":[{"embeddable":true,"href":"https:\/\/devnairuzcombr.com\/clark\/wp-json\/wp\/v2\/users\/10"}],"replies":[{"embeddable":true,"href":"https:\/\/devnairuzcombr.com\/clark\/wp-json\/wp\/v2\/comments?post=2320"}],"version-history":[{"count":104,"href":"https:\/\/devnairuzcombr.com\/clark\/wp-json\/wp\/v2\/pages\/2320\/revisions"}],"predecessor-version":[{"id":20735,"href":"https:\/\/devnairuzcombr.com\/clark\/wp-json\/wp\/v2\/pages\/2320\/revisions\/20735"}],"wp:attachment":[{"href":"https:\/\/devnairuzcombr.com\/clark\/wp-json\/wp\/v2\/media?parent=2320"}],"curies":[{"name":"wp","href":"https:\/\/api.w.org\/{rel}","templated":true}]}}