{"id":2103,"date":"2024-01-15T07:37:16","date_gmt":"2024-01-15T07:37:16","guid":{"rendered":"https:\/\/wordpress-1260149-4586912.cloudwaysapps.com\/?page_id=2103"},"modified":"2024-10-08T12:28:20","modified_gmt":"2024-10-08T12:28:20","slug":"news","status":"publish","type":"page","link":"https:\/\/devnairuzcombr.com\/clark\/news\/","title":{"rendered":"News"},"content":{"rendered":"<p><div class=\"fusion-fullwidth fullwidth-box fusion-builder-row-1 fusion-flex-container has-pattern-background has-mask-background fusion-parallax-none post-lisitng inner-custom-width post-lisitng-5 nonhundred-percent-fullwidth non-hundred-percent-height-scrolling\" style=\"--awb-background-position:left top;--awb-border-radius-top-left:0px;--awb-border-radius-top-right:0px;--awb-border-radius-bottom-right:0px;--awb-border-radius-bottom-left:0px;--awb-padding-top:70px;--awb-padding-top-small:30px;--awb-margin-top:60px;--awb-margin-top-small:30px;--awb-background-image:url(&quot;https:\/\/devnairuzcombr.com\/clark\/wp-content\/uploads\/2023\/12\/curve.svg&quot;);--awb-background-size:contain;--awb-flex-wrap:wrap;\" ><div class=\"fusion-builder-row fusion-row fusion-flex-align-items-flex-start fusion-flex-content-wrap\" style=\"max-width:calc( 1460px + 20px );margin-left: calc(-20px \/ 2 );margin-right: calc(-20px \/ 2 );\"><div class=\"fusion-layout-column fusion_builder_column fusion-builder-column-0 fusion_builder_column_1_1 1_1 fusion-flex-column\" style=\"--awb-bg-size:cover;--awb-width-large:100%;--awb-margin-top-large:0px;--awb-spacing-right-large:10px;--awb-margin-bottom-large:20px;--awb-spacing-left-large:10px;--awb-width-medium:100%;--awb-order-medium:0;--awb-spacing-right-medium:10px;--awb-spacing-left-medium:10px;--awb-width-small:100%;--awb-order-small:0;--awb-spacing-right-small:10px;--awb-spacing-left-small:10px;\"><div class=\"fusion-column-wrapper fusion-column-has-shadow fusion-flex-justify-content-flex-start fusion-content-layout-column\"><div class=\"fusion-title title fusion-title-1 fusion-sep-none fusion-title-text fusion-title-size-one title-lines\" style=\"--awb-margin-bottom:40px;\"><h1 class=\"fusion-title-heading title-heading-left\" style=\"margin:0;text-transform:uppercase;\">BLOG<\/h1><\/div><div class=\"fusion-recent-posts fusion-recent-posts-1 avada-container layout-default layout-columns-1 mobile-post-slider fusion-blog-archive\"><section class=\"fusion-columns columns fusion-columns-1 columns-1\"><article class=\"post fusion-column column col col-lg-12 col-md-12 col-sm-12\"><div class=\"recent-posts-content\"><span class=\"vcard\" style=\"display: none;\"><span class=\"fn\"><a href=\"https:\/\/devnairuzcombr.com\/clark\/author\/clark\/\" title=\"Posts by clark clark\" rel=\"author\">clark clark<\/a><\/span><\/span><span class=\"updated\" style=\"display:none;\">2024-10-16T17:34:21+00:00<\/span><h5 class=\"entry-title\"><a href=\"https:\/\/devnairuzcombr.com\/clark\/como-os-rebocadores-eletricos-podem-transformar-sua-operacao-logistica\/\">Como os rebocadores el\u00e9tricos podem transformar sua opera\u00e7\u00e3o log\u00edstica<\/a><\/h5><p class=\"meta\"><span class=\"vcard\" style=\"display: none;\"><span class=\"fn\"><a href=\"https:\/\/devnairuzcombr.com\/clark\/author\/clark\/\" title=\"Posts by clark clark\" rel=\"author\">clark clark<\/a><\/span><\/span><span class=\"updated\" style=\"display:none;\">2024-10-16T17:34:21+00:00<\/span><\/p><p><\/p><p>No mundo da log\u00edstica, efici\u00eancia e rapidez s\u00e3o diferenciais que podem determinar o sucesso de uma opera\u00e7\u00e3o. Sendo assim, cada detalhe conta, e a escolha dos equipamentos corretos \u00e9 essencial<a href=\"https:\/\/devnairuzcombr.com\/clark\/como-os-rebocadores-eletricos-podem-transformar-sua-operacao-logistica\/\">Read More<\/a><\/p><\/div><\/article><article class=\"post fusion-column column col col-lg-12 col-md-12 col-sm-12\"><div class=\"recent-posts-content\"><span class=\"vcard\" style=\"display: none;\"><span class=\"fn\"><a href=\"https:\/\/devnairuzcombr.com\/clark\/author\/clark\/\" title=\"Posts by clark clark\" rel=\"author\">clark clark<\/a><\/span><\/span><span class=\"updated\" style=\"display:none;\">2024-10-09T17:15:16+00:00<\/span><h5 class=\"entry-title\"><a href=\"https:\/\/devnairuzcombr.com\/clark\/vantagens-de-escolher-a-clark\/\">Vantagens de escolher a Clark<\/a><\/h5><p class=\"meta\"><span class=\"vcard\" style=\"display: none;\"><span class=\"fn\"><a href=\"https:\/\/devnairuzcombr.com\/clark\/author\/clark\/\" title=\"Posts by clark clark\" rel=\"author\">clark clark<\/a><\/span><\/span><span class=\"updated\" style=\"display:none;\">2024-10-09T17:15:16+00:00<\/span><\/p><p><\/p><p>No cen\u00e1rio competitivo da log\u00edstica moderna, a escolha dos equipamentos certos \u00e9 um dos fatores mais cr\u00edticos para o sucesso de uma empresa. Isso porque, opera\u00e7\u00f5es log\u00edsticas eficientes dependem da<a href=\"https:\/\/devnairuzcombr.com\/clark\/vantagens-de-escolher-a-clark\/\">Read More<\/a><\/p><\/div><\/article><article class=\"post fusion-column column col col-lg-12 col-md-12 col-sm-12\"><div class=\"recent-posts-content\"><span class=\"vcard\" style=\"display: none;\"><span class=\"fn\"><a href=\"https:\/\/devnairuzcombr.com\/clark\/author\/clark\/\" title=\"Posts by clark clark\" rel=\"author\">clark clark<\/a><\/span><\/span><span class=\"updated\" style=\"display:none;\">2024-10-01T08:32:30+00:00<\/span><h5 class=\"entry-title\"><a href=\"https:\/\/devnairuzcombr.com\/clark\/baterias-de-litio\/\">Baterias de l\u00edtio: as vantagens para sua opera\u00e7\u00e3o<\/a><\/h5><p class=\"meta\"><span class=\"vcard\" style=\"display: none;\"><span class=\"fn\"><a href=\"https:\/\/devnairuzcombr.com\/clark\/author\/clark\/\" title=\"Posts by clark clark\" rel=\"author\">clark clark<\/a><\/span><\/span><span class=\"updated\" style=\"display:none;\">2024-10-01T08:32:30+00:00<\/span><\/p><p>As baterias de l\u00edtio funcionam armazenando cargas el\u00e9tricas, para fornecer energia el\u00e9trica a diversos equipamentos. Essa tecnologia \u00e9 ideal para dispositivos como eletr\u00f4nicos port\u00e1teis e para equipamentos maiores, como empilhadeiras,<a href=\"https:\/\/devnairuzcombr.com\/clark\/baterias-de-litio\/\">Read More<\/a><\/p><\/div><\/article><article class=\"post fusion-column column col col-lg-12 col-md-12 col-sm-12\"><div class=\"recent-posts-content\"><span class=\"vcard\" style=\"display: none;\"><span class=\"fn\"><a href=\"https:\/\/devnairuzcombr.com\/clark\/author\/clark\/\" title=\"Posts by clark clark\" rel=\"author\">clark clark<\/a><\/span><\/span><span class=\"updated\" style=\"display:none;\">2024-09-25T08:00:00+00:00<\/span><h5 class=\"entry-title\"><a href=\"https:\/\/devnairuzcombr.com\/clark\/por-que-empilhadeiras-sao-essenciais-na-construcao-civil\/\">Por que empilhadeiras s\u00e3o essenciais na constru\u00e7\u00e3o civil?\u00a0<\/a><\/h5><p class=\"meta\"><span class=\"vcard\" style=\"display: none;\"><span class=\"fn\"><a href=\"https:\/\/devnairuzcombr.com\/clark\/author\/clark\/\" title=\"Posts by clark clark\" rel=\"author\">clark clark<\/a><\/span><\/span><span class=\"updated\" style=\"display:none;\">2024-09-25T08:00:00+00:00<\/span><\/p><p><\/p><p>Antes de tudo, j\u00e1 afirmamos que \u00e9 extremamente vantajoso ter as empilhadeiras na constru\u00e7\u00e3o civil.\u00a0 Afinal, elas garantem o transporte de materiais pesados com rapidez, em uma \u00e1rea que exige<a href=\"https:\/\/devnairuzcombr.com\/clark\/por-que-empilhadeiras-sao-essenciais-na-construcao-civil\/\">Read More<\/a><\/p><\/div><\/article><article class=\"post fusion-column column col col-lg-12 col-md-12 col-sm-12\"><div class=\"recent-posts-content\"><span class=\"vcard\" style=\"display: none;\"><span class=\"fn\"><a href=\"https:\/\/devnairuzcombr.com\/clark\/author\/clark\/\" title=\"Posts by clark clark\" rel=\"author\">clark clark<\/a><\/span><\/span><span class=\"updated\" style=\"display:none;\">2024-09-11T08:26:01+00:00<\/span><h5 class=\"entry-title\"><a href=\"https:\/\/devnairuzcombr.com\/clark\/importancia-de-empilhadeiras-eletricas-para-industria-farmaceutica\/\">Import\u00e2ncia de empilhadeiras el\u00e9tricas para ind\u00fastria farmac\u00eautica\u00a0<\/a><\/h5><p class=\"meta\"><span class=\"vcard\" style=\"display: none;\"><span class=\"fn\"><a href=\"https:\/\/devnairuzcombr.com\/clark\/author\/clark\/\" title=\"Posts by clark clark\" rel=\"author\">clark clark<\/a><\/span><\/span><span class=\"updated\" style=\"display:none;\">2024-09-11T08:26:01+00:00<\/span><\/p><p><\/p><p>Sobretudo, a ind\u00fastria farmac\u00eautica \u00e9 conhecida por seus altos padr\u00f5es de qualidade e exig\u00eancias rigorosas em rela\u00e7\u00e3o \u00e0 seguran\u00e7a e efici\u00eancia. Por isso, cada etapa da produ\u00e7\u00e3o e log\u00edstica \u00e9<a href=\"https:\/\/devnairuzcombr.com\/clark\/importancia-de-empilhadeiras-eletricas-para-industria-farmaceutica\/\">Read More<\/a><\/p><\/div><\/article><\/section><\/div><div style=\"text-align:center;\"><a class=\"fusion-button button-flat fusion-button-default-size button-default fusion-button-default button-1 fusion-button-default-span fusion-button-default-type\" style=\"--button_margin-top:30px;\" target=\"_self\" href=\"\/clark\/category\/news\/\"><span class=\"fusion-button-text\">Ver mais posts<\/span><\/a><\/div><\/div><\/div><\/div><\/div><div class=\"fusion-fullwidth fullwidth-box fusion-builder-row-2 fusion-flex-container has-pattern-background has-mask-background fusion-parallax-none nonhundred-percent-fullwidth non-hundred-percent-height-scrolling\" style=\"--awb-background-position:left top;--awb-border-radius-top-left:0px;--awb-border-radius-top-right:0px;--awb-border-radius-bottom-right:0px;--awb-border-radius-bottom-left:0px;--awb-background-image:url(&quot;https:\/\/devnairuzcombr.com\/clark\/wp-content\/uploads\/2023\/12\/curve.svg&quot;);--awb-background-size:contain;--awb-flex-wrap:wrap;\" ><div class=\"fusion-builder-row fusion-row fusion-flex-align-items-flex-start fusion-flex-content-wrap\" style=\"max-width:calc( 1460px + 20px );margin-left: calc(-20px \/ 2 );margin-right: calc(-20px \/ 2 );\"><div class=\"fusion-layout-column fusion_builder_column fusion-builder-column-1 fusion_builder_column_1_1 1_1 fusion-flex-column\" style=\"--awb-bg-size:cover;--awb-width-large:100%;--awb-margin-top-large:0px;--awb-spacing-right-large:10px;--awb-margin-bottom-large:0px;--awb-spacing-left-large:10px;--awb-width-medium:100%;--awb-order-medium:0;--awb-spacing-right-medium:10px;--awb-spacing-left-medium:10px;--awb-width-small:100%;--awb-order-small:0;--awb-spacing-right-small:10px;--awb-spacing-left-small:10px;\"><div class=\"fusion-column-wrapper fusion-column-has-shadow fusion-flex-justify-content-flex-start fusion-content-layout-column\"><div class=\"fusion-title title fusion-title-2 fusion-sep-none fusion-title-text fusion-title-size-two title-lines\" style=\"--awb-margin-bottom:30px;\"><h2 class=\"fusion-title-heading title-heading-left\" style=\"margin:0;text-transform:uppercase;\">Videos<\/h2><\/div><\/div><\/div><div class=\"fusion-layout-column fusion_builder_column fusion-builder-column-2 fusion_builder_column_1_1 1_1 fusion-flex-column video-slider-col custom-slick-slider\" style=\"--awb-bg-size:cover;--awb-width-large:100%;--awb-margin-top-large:20px;--awb-spacing-right-large:10px;--awb-margin-bottom-large:20px;--awb-spacing-left-large:10px;--awb-width-medium:100%;--awb-order-medium:0;--awb-spacing-right-medium:10px;--awb-spacing-left-medium:10px;--awb-width-small:100%;--awb-order-small:0;--awb-spacing-right-small:10px;--awb-spacing-left-small:10px;\"><div class=\"fusion-column-wrapper fusion-column-has-shadow fusion-flex-justify-content-flex-start fusion-content-layout-column\"><div class=\"fusion-video fusion-youtube\" style=\"--awb-max-width:600px;--awb-max-height:360px;\"><div class=\"video-shortcode\"><div class=\"fluid-width-video-wrapper\" style=\"padding-top:60%;\" ><iframe title=\"YouTube video player 1\" src=\"https:\/\/www.youtube.com\/embed\/Ap1BaXr-qrs?wmode=transparent&autoplay=0\" width=\"600\" height=\"360\" allowfullscreen allow=\"autoplay; fullscreen\"><\/iframe><\/div><\/div><\/div><div class=\"fusion-video fusion-youtube\" style=\"--awb-max-width:600px;--awb-max-height:360px;\"><div class=\"video-shortcode\"><div class=\"fluid-width-video-wrapper\" style=\"padding-top:60%;\" ><iframe title=\"YouTube video player 2\" src=\"https:\/\/www.youtube.com\/embed\/D8ji_n5YFR0?wmode=transparent&autoplay=0\" width=\"600\" height=\"360\" allowfullscreen allow=\"autoplay; fullscreen\"><\/iframe><\/div><\/div><\/div><div class=\"fusion-video fusion-youtube\" style=\"--awb-max-width:600px;--awb-max-height:360px;\"><div class=\"video-shortcode\"><div class=\"fluid-width-video-wrapper\" style=\"padding-top:60%;\" ><iframe title=\"YouTube video player 3\" src=\"https:\/\/www.youtube.com\/embed\/TiXsc8Jk9-4?wmode=transparent&autoplay=0\" width=\"600\" height=\"360\" allowfullscreen allow=\"autoplay; fullscreen\"><\/iframe><\/div><\/div><\/div><div class=\"fusion-video fusion-youtube\" style=\"--awb-max-width:600px;--awb-max-height:360px;\"><div class=\"video-shortcode\"><div class=\"fluid-width-video-wrapper\" style=\"padding-top:60%;\" ><iframe title=\"YouTube video player 4\" src=\"https:\/\/www.youtube.com\/embed\/mpsglf1W2O8?wmode=transparent&autoplay=0\" width=\"600\" height=\"360\" allowfullscreen allow=\"autoplay; fullscreen\"><\/iframe><\/div><\/div><\/div><\/div><\/div><\/div><\/div><\/p>\n","protected":false},"excerpt":{"rendered":"","protected":false},"author":10,"featured_media":0,"parent":0,"menu_order":0,"comment_status":"closed","ping_status":"closed","template":"100-width.php","meta":{"_acf_changed":false,"footnotes":""},"class_list":["post-2103","page","type-page","status-publish","hentry"],"acf":[],"yoast_head":"<!-- This site is optimized with the Yoast SEO plugin v27.2 - https:\/\/yoast.com\/product\/yoast-seo-wordpress\/ -->\n<title>News - CLARK Material Handling Company<\/title>\n<meta name=\"robots\" content=\"noindex, follow, max-snippet:-1, max-image-preview:large, max-video-preview:-1\" \/>\n<meta property=\"og:locale\" content=\"en_US\" \/>\n<meta property=\"og:type\" content=\"article\" \/>\n<meta property=\"og:title\" content=\"News - CLARK Material Handling Company\" \/>\n<meta property=\"og:url\" content=\"https:\/\/devnairuzcombr.com\/clark\/news\/\" \/>\n<meta property=\"og:site_name\" content=\"CLARK Material Handling Company\" \/>\n<meta property=\"article:modified_time\" content=\"2024-10-08T12:28:20+00:00\" \/>\n<meta name=\"twitter:card\" content=\"summary_large_image\" \/>\n<meta name=\"twitter:label1\" content=\"Est. reading time\" \/>\n\t<meta name=\"twitter:data1\" content=\"8 minutes\" \/>\n<script type=\"application\/ld+json\" class=\"yoast-schema-graph\">{\"@context\":\"https:\/\/schema.org\",\"@graph\":[{\"@type\":\"WebPage\",\"@id\":\"https:\/\/devnairuzcombr.com\/clark\/news\/\",\"url\":\"https:\/\/devnairuzcombr.com\/clark\/news\/\",\"name\":\"News - CLARK Material Handling Company\",\"isPartOf\":{\"@id\":\"https:\/\/devnairuzcombr.com\/clark\/#website\"},\"datePublished\":\"2024-01-15T07:37:16+00:00\",\"dateModified\":\"2024-10-08T12:28:20+00:00\",\"breadcrumb\":{\"@id\":\"https:\/\/devnairuzcombr.com\/clark\/news\/#breadcrumb\"},\"inLanguage\":\"en-US\",\"potentialAction\":[{\"@type\":\"ReadAction\",\"target\":[\"https:\/\/devnairuzcombr.com\/clark\/news\/\"]}]},{\"@type\":\"BreadcrumbList\",\"@id\":\"https:\/\/devnairuzcombr.com\/clark\/news\/#breadcrumb\",\"itemListElement\":[{\"@type\":\"ListItem\",\"position\":1,\"name\":\"In\u00edcio\",\"item\":\"https:\/\/devnairuzcombr.com\/clark\/\"},{\"@type\":\"ListItem\",\"position\":2,\"name\":\"News\"}]},{\"@type\":\"WebSite\",\"@id\":\"https:\/\/devnairuzcombr.com\/clark\/#website\",\"url\":\"https:\/\/devnairuzcombr.com\/clark\/\",\"name\":\"CLARK Material Handling Company\",\"description\":\"\",\"potentialAction\":[{\"@type\":\"SearchAction\",\"target\":{\"@type\":\"EntryPoint\",\"urlTemplate\":\"https:\/\/devnairuzcombr.com\/clark\/?s={search_term_string}\"},\"query-input\":{\"@type\":\"PropertyValueSpecification\",\"valueRequired\":true,\"valueName\":\"search_term_string\"}}],\"inLanguage\":\"en-US\"}]}<\/script>\n<!-- \/ Yoast SEO plugin. -->","yoast_head_json":{"title":"News - CLARK Material Handling Company","robots":{"index":"noindex","follow":"follow","max-snippet":"max-snippet:-1","max-image-preview":"max-image-preview:large","max-video-preview":"max-video-preview:-1"},"og_locale":"en_US","og_type":"article","og_title":"News - CLARK Material Handling Company","og_url":"https:\/\/devnairuzcombr.com\/clark\/news\/","og_site_name":"CLARK Material Handling Company","article_modified_time":"2024-10-08T12:28:20+00:00","twitter_card":"summary_large_image","twitter_misc":{"Est. reading time":"8 minutes"},"schema":{"@context":"https:\/\/schema.org","@graph":[{"@type":"WebPage","@id":"https:\/\/devnairuzcombr.com\/clark\/news\/","url":"https:\/\/devnairuzcombr.com\/clark\/news\/","name":"News - CLARK Material Handling Company","isPartOf":{"@id":"https:\/\/devnairuzcombr.com\/clark\/#website"},"datePublished":"2024-01-15T07:37:16+00:00","dateModified":"2024-10-08T12:28:20+00:00","breadcrumb":{"@id":"https:\/\/devnairuzcombr.com\/clark\/news\/#breadcrumb"},"inLanguage":"en-US","potentialAction":[{"@type":"ReadAction","target":["https:\/\/devnairuzcombr.com\/clark\/news\/"]}]},{"@type":"BreadcrumbList","@id":"https:\/\/devnairuzcombr.com\/clark\/news\/#breadcrumb","itemListElement":[{"@type":"ListItem","position":1,"name":"In\u00edcio","item":"https:\/\/devnairuzcombr.com\/clark\/"},{"@type":"ListItem","position":2,"name":"News"}]},{"@type":"WebSite","@id":"https:\/\/devnairuzcombr.com\/clark\/#website","url":"https:\/\/devnairuzcombr.com\/clark\/","name":"CLARK Material Handling Company","description":"","potentialAction":[{"@type":"SearchAction","target":{"@type":"EntryPoint","urlTemplate":"https:\/\/devnairuzcombr.com\/clark\/?s={search_term_string}"},"query-input":{"@type":"PropertyValueSpecification","valueRequired":true,"valueName":"search_term_string"}}],"inLanguage":"en-US"}]}},"_links":{"self":[{"href":"https:\/\/devnairuzcombr.com\/clark\/wp-json\/wp\/v2\/pages\/2103","targetHints":{"allow":["GET"]}}],"collection":[{"href":"https:\/\/devnairuzcombr.com\/clark\/wp-json\/wp\/v2\/pages"}],"about":[{"href":"https:\/\/devnairuzcombr.com\/clark\/wp-json\/wp\/v2\/types\/page"}],"author":[{"embeddable":true,"href":"https:\/\/devnairuzcombr.com\/clark\/wp-json\/wp\/v2\/users\/10"}],"replies":[{"embeddable":true,"href":"https:\/\/devnairuzcombr.com\/clark\/wp-json\/wp\/v2\/comments?post=2103"}],"version-history":[{"count":22,"href":"https:\/\/devnairuzcombr.com\/clark\/wp-json\/wp\/v2\/pages\/2103\/revisions"}],"predecessor-version":[{"id":20398,"href":"https:\/\/devnairuzcombr.com\/clark\/wp-json\/wp\/v2\/pages\/2103\/revisions\/20398"}],"wp:attachment":[{"href":"https:\/\/devnairuzcombr.com\/clark\/wp-json\/wp\/v2\/media?parent=2103"}],"curies":[{"name":"wp","href":"https:\/\/api.w.org\/{rel}","templated":true}]}}